{"id":219,"date":"2025-07-03T05:49:15","date_gmt":"2025-07-03T05:49:15","guid":{"rendered":"https:\/\/aloxa.es\/services\/"},"modified":"2025-07-21T21:10:00","modified_gmt":"2025-07-21T19:10:00","slug":"servicios","status":"publish","type":"page","link":"https:\/\/aloxa.es\/en\/servicios\/","title":{"rendered":"Categor\u00edas"},"content":{"rendered":"<div class=\"wp-block-uagb-container uagb-block-c1e2fce7 default uagb-is-root-container\">\n<p><\/p>\n<\/div>\n\n\n\n<div class=\"wp-block-uagb-container uagb-block-92758601 alignwide uagb-is-root-container\">\n<div class=\"wp-block-uagb-container uagb-block-8ed2340c\">\n<div class=\"wp-block-uagb-info-box uagb-block-83f3c3f0 uagb-infobox__content-wrap  uagb-infobox-icon-above-title uagb-infobox-image-valign-top\"><div class=\"uagb-ifb-content\"><div class=\"uagb-ifb-title-wrap\"><h2 class=\"uagb-ifb-title\">\ud83c\udf0a Mar<\/h2><\/div><p class=\"uagb-ifb-desc\">Vive la experiencia de alojarte junto a la costa: brisa marina, paseos al atardecer, un c\u00f3ctel con vistas al mar y el sonido de las olas de fondo. Si buscas desconexi\u00f3n cerca del mar, aqu\u00ed encontrar\u00e1s tu alojamiento ideal.\u200b<\/p><div class=\"uagb-ifb-button-wrapper wp-block-button\"><a href=\"https:\/\/aloxa.es\/listing-category\/mar\/\" class=\"uagb-infobox-cta-link ast-outline-button\" target=\"_self\" rel=\"noopener noreferrer\" style=\"border-width:revert-layer\" onclick=\"return true;\"><span class=\"uagb-inline-editing\">Explorar \ud83d\udd0d<\/span><\/a><\/div><\/div><\/div>\n<\/div>\n\n\n\n<div class=\"wp-block-uagb-image uagb-block-704d8fd3 wp-block-uagb-image--layout-default wp-block-uagb-image--effect-static wp-block-uagb-image--align-none\"><figure class=\"wp-block-uagb-image__figure\"><img decoding=\"async\" srcset=\"https:\/\/aloxa.es\/wp-content\/uploads\/2025\/07\/Islas-Cies-1024x678.webp ,https:\/\/aloxa.es\/wp-content\/uploads\/2025\/07\/Islas-Cies.webp 780w, https:\/\/aloxa.es\/wp-content\/uploads\/2025\/07\/Islas-Cies.webp 360w\" sizes=\"auto, (max-width: 480px) 150px\" src=\"https:\/\/aloxa.es\/wp-content\/uploads\/2025\/07\/Islas-Cies-1024x678.webp\" alt=\"\" class=\"uag-image-1636\" width=\"570\" height=\"380\" title=\"Islas C\u00edes\" loading=\"lazy\" role=\"img\"\/><\/figure><\/div>\n<\/div>\n\n\n\n<div class=\"wp-block-uagb-container uagb-block-0fa8dc87 alignwide uagb-is-root-container\">\n<div class=\"wp-block-uagb-image uagb-block-95ad5af2 wp-block-uagb-image--layout-default wp-block-uagb-image--effect-static wp-block-uagb-image--align-none\"><figure class=\"wp-block-uagb-image__figure\"><img decoding=\"async\" srcset=\"https:\/\/aloxa.es\/wp-content\/uploads\/2025\/07\/Cabana-Pa-1024x683.jpg ,https:\/\/aloxa.es\/wp-content\/uploads\/2025\/07\/Cabana-Pa.jpg 780w, https:\/\/aloxa.es\/wp-content\/uploads\/2025\/07\/Cabana-Pa.jpg 360w\" sizes=\"auto, (max-width: 480px) 150px\" src=\"https:\/\/aloxa.es\/wp-content\/uploads\/2025\/07\/Cabana-Pa-1024x683.jpg\" alt=\"\" class=\"uag-image-1803\" width=\"749\" height=\"500\" title=\"Caba\u00f1a Pa\" loading=\"lazy\" role=\"img\"\/><\/figure><\/div>\n\n\n\n<div class=\"wp-block-uagb-container uagb-block-273f62cc\">\n<div class=\"wp-block-uagb-info-box uagb-block-f179cbd3 uagb-infobox__content-wrap  uagb-infobox-icon-above-title uagb-infobox-image-valign-top\"><div class=\"uagb-ifb-content\"><div class=\"uagb-ifb-title-wrap\"><h2 class=\"uagb-ifb-title\">\u26f0\ufe0f Monta\u00f1a<\/h2><\/div><p class=\"uagb-ifb-desc\">Para quienes prefieren naturaleza, rutas por el bosque y el silencio de un entorno rural. Aqu\u00ed encontrar\u00e1s tu destino ideal si buscas tranquilidad, aire puro y escapadas aut\u00e9nticas.<\/p><div class=\"uagb-ifb-button-wrapper wp-block-button\"><a href=\"https:\/\/aloxa.es\/listing-category\/montana\/\" class=\"uagb-infobox-cta-link ast-outline-button\" target=\"_self\" rel=\"noopener noreferrer\" style=\"border-width:revert-layer\" onclick=\"return true;\"><span class=\"uagb-inline-editing\">Explorar \ud83d\udd0d<\/span><\/a><\/div><\/div><\/div>\n<\/div>\n<\/div>\n\n\n\n<div class=\"wp-block-uagb-container uagb-block-a3c85d3f alignwide uagb-is-root-container\">\n<div class=\"wp-block-uagb-container uagb-block-4502a8bd\">\n<div class=\"wp-block-uagb-info-box uagb-block-109f07e7 uagb-infobox__content-wrap  uagb-infobox-icon-above-title uagb-infobox-image-valign-top\"><div class=\"uagb-ifb-content\"><div class=\"uagb-ifb-title-wrap\"><h2 class=\"uagb-ifb-title\">\ud83c\udfd9\ufe0f Ciudad<\/h2><\/div><p class=\"uagb-ifb-desc\">Si buscas la comodidad de tener a tu alcance todos los servicios (culturales, gastron\u00f3micos, de ocio, etc.) sin renunciar a sentirte como en casa, aqu\u00ed encontrar\u00e1s tus opciones maravillosas.\u200b<\/p><div class=\"uagb-ifb-button-wrapper wp-block-button\"><a href=\"https:\/\/aloxa.es\/listing-category\/ciudad\/\" class=\"uagb-infobox-cta-link ast-outline-button\" target=\"_self\" rel=\"noopener noreferrer\" style=\"border-width:revert-layer\" onclick=\"return true;\"><span class=\"uagb-inline-editing\">Explorar \ud83d\udd0d<\/span><\/a><\/div><\/div><\/div>\n<\/div>\n\n\n\n<div class=\"wp-block-uagb-image uagb-block-18897b0b wp-block-uagb-image--layout-default wp-block-uagb-image--effect-static wp-block-uagb-image--align-none\"><figure class=\"wp-block-uagb-image__figure\"><img decoding=\"async\" srcset=\"https:\/\/aloxa.es\/wp-content\/uploads\/2025\/07\/catedral-santiago-gente-1024x682.jpg ,https:\/\/aloxa.es\/wp-content\/uploads\/2025\/07\/catedral-santiago-gente.jpg 780w, https:\/\/aloxa.es\/wp-content\/uploads\/2025\/07\/catedral-santiago-gente.jpg 360w\" sizes=\"auto, (max-width: 480px) 150px\" src=\"https:\/\/aloxa.es\/wp-content\/uploads\/2025\/07\/catedral-santiago-gente-1024x682.jpg\" alt=\"\" class=\"uag-image-1635\" width=\"749\" height=\"499\" title=\"catedral santiago gente\" loading=\"lazy\" role=\"img\"\/><\/figure><\/div>\n<\/div>\n\n\n\n<div class=\"wp-block-uagb-container uagb-block-6f559b4f default uagb-is-root-container\">\n<div class=\"wp-block-uagb-advanced-heading uagb-block-9997db04\"><h2 class=\"uagb-heading-text\">F.A.Q.\u200b<\/h2><p class=\"uagb-desc-text\">Preguntas frecuentes sobre Aloxa<\/p><\/div>\n\n\n<div class=\"wp-block-uagb-faq uagb-faq__outer-wrap uagb-block-a92893ac uagb-faq-icon-row-reverse uagb-faq-layout-accordion uagb-faq-expand-first-false uagb-faq-inactive-other-true uagb-faq__wrap uagb-buttons-layout-wrap uagb-faq-equal-height\" data-faqtoggle=\"true\" role=\"tablist\"><div class=\"wp-block-uagb-faq-child uagb-faq-child__outer-wrap uagb-faq-item uagb-block-7b345a3a\" role=\"tab\" tabindex=\"0\"><div class=\"uagb-faq-questions-button uagb-faq-questions\">\t\t\t<span class=\"uagb-icon uagb-faq-icon-wrap\">\n\t\t\t\t\t\t\t<\/span>\n\t\t\t\t\t\t<span class=\"uagb-icon-active uagb-faq-icon-wrap\">\n\t\t\t\t\t\t\t\t<svg xmlns=\"https:\/\/www.w3.org\/2000\/svg\" viewbox= \"0 0 320 512\"><path d=\"M9.39 265.4l127.1-128C143.6 131.1 151.8 128 160 128s16.38 3.125 22.63 9.375l127.1 128c9.156 9.156 11.9 22.91 6.943 34.88S300.9 320 287.1 320H32.01c-12.94 0-24.62-7.781-29.58-19.75S.2333 274.5 9.39 265.4z\"><\/path><\/svg>\n\t\t\t\t\t\t\t<\/span>\n\t\t\t<span class=\"uagb-question\">\u00bfQu\u00e9 es Aloxa?<\/span><\/div><div class=\"uagb-faq-content\"><p><strong>Aloxa<\/strong> es una plataforma donde puedes encontrar y anunciar <strong>alojamientos \u00fanicos<\/strong> en cualquier parte del mundo. Funciona como punto de encuentro entre anfitriones y viajeros.<\/p><\/div><\/div><div class=\"wp-block-uagb-faq-child uagb-faq-child__outer-wrap uagb-faq-item uagb-block-c0ede2d4\" role=\"tab\" tabindex=\"0\"><div class=\"uagb-faq-questions-button uagb-faq-questions\">\t\t\t<span class=\"uagb-icon uagb-faq-icon-wrap\">\n\t\t\t\t\t\t\t<\/span>\n\t\t\t\t\t\t<span class=\"uagb-icon-active uagb-faq-icon-wrap\">\n\t\t\t\t\t\t\t\t<svg xmlns=\"https:\/\/www.w3.org\/2000\/svg\" viewbox= \"0 0 320 512\"><path d=\"M9.39 265.4l127.1-128C143.6 131.1 151.8 128 160 128s16.38 3.125 22.63 9.375l127.1 128c9.156 9.156 11.9 22.91 6.943 34.88S300.9 320 287.1 320H32.01c-12.94 0-24.62-7.781-29.58-19.75S.2333 274.5 9.39 265.4z\"><\/path><\/svg>\n\t\t\t\t\t\t\t<\/span>\n\t\t\t<span class=\"uagb-question\">\u00bfTiene coste publicar un alojamiento?<\/span><\/div><div class=\"uagb-faq-content\"><p>No, publicar es <strong>gratuito<\/strong>. Solo cobramos una peque\u00f1a comisi\u00f3n si se completa una reserva o intercambio a trav\u00e9s de la plataforma.<\/p><\/div><\/div><div class=\"wp-block-uagb-faq-child uagb-faq-child__outer-wrap uagb-faq-item uagb-block-99aac894\" role=\"tab\" tabindex=\"0\"><div class=\"uagb-faq-questions-button uagb-faq-questions\">\t\t\t<span class=\"uagb-icon uagb-faq-icon-wrap\">\n\t\t\t\t\t\t\t<\/span>\n\t\t\t\t\t\t<span class=\"uagb-icon-active uagb-faq-icon-wrap\">\n\t\t\t\t\t\t\t\t<svg xmlns=\"https:\/\/www.w3.org\/2000\/svg\" viewbox= \"0 0 320 512\"><path d=\"M9.39 265.4l127.1-128C143.6 131.1 151.8 128 160 128s16.38 3.125 22.63 9.375l127.1 128c9.156 9.156 11.9 22.91 6.943 34.88S300.9 320 287.1 320H32.01c-12.94 0-24.62-7.781-29.58-19.75S.2333 274.5 9.39 265.4z\"><\/path><\/svg>\n\t\t\t\t\t\t\t<\/span>\n\t\t\t<span class=\"uagb-question\">\u00bfPuedo anunciarme desde cualquier parte de Espa\u00f1a o del extranjero?<\/span><\/div><div class=\"uagb-faq-content\"><p><strong>Por supuesto<\/strong>. La plataforma est\u00e1 abierta a anfitriones de cualquier parte del mundo. Aloxa naci\u00f3 con alma gallega, pero est\u00e1 abierta a todos, est\u00e9s donde est\u00e9s.<\/p><\/div><\/div><div class=\"wp-block-uagb-faq-child uagb-faq-child__outer-wrap uagb-faq-item uagb-block-e7754ee4\" role=\"tab\" tabindex=\"0\"><div class=\"uagb-faq-questions-button uagb-faq-questions\">\t\t\t<span class=\"uagb-icon uagb-faq-icon-wrap\">\n\t\t\t\t\t\t\t<\/span>\n\t\t\t\t\t\t<span class=\"uagb-icon-active uagb-faq-icon-wrap\">\n\t\t\t\t\t\t\t\t<svg xmlns=\"https:\/\/www.w3.org\/2000\/svg\" viewbox= \"0 0 320 512\"><path d=\"M9.39 265.4l127.1-128C143.6 131.1 151.8 128 160 128s16.38 3.125 22.63 9.375l127.1 128c9.156 9.156 11.9 22.91 6.943 34.88S300.9 320 287.1 320H32.01c-12.94 0-24.62-7.781-29.58-19.75S.2333 274.5 9.39 265.4z\"><\/path><\/svg>\n\t\t\t\t\t\t\t<\/span>\n\t\t\t<span class=\"uagb-question\">\u00bfQu\u00e9 tipos de alojamiento puedo anunciar?<\/span><\/div><div class=\"uagb-faq-content\"><p>Casas, pisos, apartamentos, estudios, caba\u00f1as, estancias rurales, etc. Si ofreces una experiencia \u00fanica, \u00a1tu alojamiento tiene sitio en Aloxa!<\/p><\/div><\/div><div class=\"wp-block-uagb-faq-child uagb-faq-child__outer-wrap uagb-faq-item uagb-block-cf9b9cec\" role=\"tab\" tabindex=\"0\"><div class=\"uagb-faq-questions-button uagb-faq-questions\">\t\t\t<span class=\"uagb-icon uagb-faq-icon-wrap\">\n\t\t\t\t\t\t\t<\/span>\n\t\t\t\t\t\t<span class=\"uagb-icon-active uagb-faq-icon-wrap\">\n\t\t\t\t\t\t\t\t<svg xmlns=\"https:\/\/www.w3.org\/2000\/svg\" viewbox= \"0 0 320 512\"><path d=\"M9.39 265.4l127.1-128C143.6 131.1 151.8 128 160 128s16.38 3.125 22.63 9.375l127.1 128c9.156 9.156 11.9 22.91 6.943 34.88S300.9 320 287.1 320H32.01c-12.94 0-24.62-7.781-29.58-19.75S.2333 274.5 9.39 265.4z\"><\/path><\/svg>\n\t\t\t\t\t\t\t<\/span>\n\t\t\t<span class=\"uagb-question\">\u00bfEn qu\u00e9 categor\u00eda a\u00f1ado mi alojamiento cuando lo anuncie en Aloxa?<\/span><\/div><div class=\"uagb-faq-content\"><p>Para destacarnos del resto, los alojamientos se dividen en tres categor\u00edas principales: <strong>Mar, Monta\u00f1a y Ciudad<\/strong>. Seg\u00fan la ubicaci\u00f3n, escoge la categor\u00eda que vaya m\u00e1s acorde con tu estancia.<\/p><\/div><\/div><div class=\"wp-block-uagb-faq-child uagb-faq-child__outer-wrap uagb-faq-item uagb-block-aec201f2\" role=\"tab\" tabindex=\"0\"><div class=\"uagb-faq-questions-button uagb-faq-questions\">\t\t\t<span class=\"uagb-icon uagb-faq-icon-wrap\">\n\t\t\t\t\t\t\t<\/span>\n\t\t\t\t\t\t<span class=\"uagb-icon-active uagb-faq-icon-wrap\">\n\t\t\t\t\t\t\t\t<svg xmlns=\"https:\/\/www.w3.org\/2000\/svg\" viewbox= \"0 0 320 512\"><path d=\"M9.39 265.4l127.1-128C143.6 131.1 151.8 128 160 128s16.38 3.125 22.63 9.375l127.1 128c9.156 9.156 11.9 22.91 6.943 34.88S300.9 320 287.1 320H32.01c-12.94 0-24.62-7.781-29.58-19.75S.2333 274.5 9.39 265.4z\"><\/path><\/svg>\n\t\t\t\t\t\t\t<\/span>\n\t\t\t<span class=\"uagb-question\">\u00bfSe pagan las reservas a trav\u00e9s de Aloxa?<\/span><\/div><div class=\"uagb-faq-content\"><p><strong>S\u00ed<\/strong>, escoge tu opci\u00f3n preferible para realizar el pago de forma <strong>100% segura<\/strong> una vez este confirmada la reserva por parte del anfitri\u00f3n.<\/p><\/div><\/div><\/div><\/div>","protected":false},"excerpt":{"rendered":"<p>F.A.Q.\u200b Preguntas frecuentes sobre Aloxa<\/p>","protected":false},"author":1,"featured_media":0,"parent":0,"menu_order":0,"comment_status":"closed","ping_status":"closed","template":"","meta":{"_uag_custom_page_level_css":"","footnotes":""},"class_list":["post-219","page","type-page","status-publish","hentry"],"uagb_featured_image_src":{"full":false,"thumbnail":false,"medium":false,"medium_large":false,"large":false,"1536x1536":false,"2048x2048":false,"trp-custom-language-flag":false,"hp_square_small":false,"hp_landscape_small":false,"hp_landscape_large":false,"ht_portrait_small":false,"ht_landscape_large":false,"ht_cover_large":false,"woocommerce_thumbnail":false,"woocommerce_single":false,"woocommerce_gallery_thumbnail":false},"uagb_author_info":{"display_name":"lryrzzrg","author_link":"https:\/\/aloxa.es\/en\/author\/admin\/"},"uagb_comment_info":0,"uagb_excerpt":"F.A.Q.\u200b Preguntas frecuentes sobre Aloxa","_links":{"self":[{"href":"https:\/\/aloxa.es\/en\/wp-json\/wp\/v2\/pages\/219","targetHints":{"allow":["GET"]}}],"collection":[{"href":"https:\/\/aloxa.es\/en\/wp-json\/wp\/v2\/pages"}],"about":[{"href":"https:\/\/aloxa.es\/en\/wp-json\/wp\/v2\/types\/page"}],"author":[{"embeddable":true,"href":"https:\/\/aloxa.es\/en\/wp-json\/wp\/v2\/users\/1"}],"replies":[{"embeddable":true,"href":"https:\/\/aloxa.es\/en\/wp-json\/wp\/v2\/comments?post=219"}],"version-history":[{"count":0,"href":"https:\/\/aloxa.es\/en\/wp-json\/wp\/v2\/pages\/219\/revisions"}],"wp:attachment":[{"href":"https:\/\/aloxa.es\/en\/wp-json\/wp\/v2\/media?parent=219"}],"curies":[{"name":"wp","href":"https:\/\/api.w.org\/{rel}","templated":true}]}}