{"id":218,"date":"2025-07-03T05:49:15","date_gmt":"2025-07-03T05:49:15","guid":{"rendered":"https:\/\/aloxa.es\/about\/"},"modified":"2025-07-21T04:38:00","modified_gmt":"2025-07-21T02:38:00","slug":"aloxa","status":"publish","type":"page","link":"https:\/\/aloxa.es\/en\/aloxa\/","title":{"rendered":"\u00bfQu\u00e9 es Aloxa?"},"content":{"rendered":"<div class=\"wp-block-uagb-container uagb-block-f6474934 default uagb-is-root-container\">\n<div class=\"wp-block-uagb-advanced-heading uagb-block-b47deef7\"><h1 class=\"uagb-heading-text\">Sobre nosotros\u200b<\/h1><\/div>\n<\/div>\n\n\n\n<div class=\"wp-block-uagb-container uagb-block-da5d164a default uagb-is-root-container\">\n<div class=\"wp-block-uagb-advanced-heading uagb-block-7d9c3655\"><h2 class=\"uagb-heading-text\">Fundada en 2025\u200b<\/h2><\/div>\n\n\n\n<div class=\"wp-block-uagb-container uagb-block-fdfc0364\">\n<div class=\"wp-block-uagb-info-box uagb-block-0ef86749 uagb-infobox__content-wrap  uagb-infobox-icon-above-title uagb-infobox-image-valign-top\" id=\"que-es-aloxa\"><div class=\"uagb-ifb-content\"><div class=\"uagb-ifb-title-wrap\"><span class=\"uagb-ifb-title-prefix\"><strong>Aloxa nace en un peque\u00f1o municipio costero de la provincia de Pontevedra con una idea clara: mostrar al mundo la belleza de Galicia (y poco a poco de toda la pen\u00ednsula), su diversidad de paisajes, su apreciada gastronom\u00eda y producto local y, sobre todo, la cercan\u00eda de su gente.<\/strong><\/span><\/div><p class=\"uagb-ifb-desc\">A trav\u00e9s de nuestra plataforma, portal visual de nuestra tierra, queremos que encontrar alojamiento sea f\u00e1cil, transparente y especial, conectando a viajeros con anfitriones que conocen y aman su tierra.<br><br>Desde pueblos costeros hasta aldeas en la monta\u00f1a o ciudades con mucha historia, Galicia es mucho m\u00e1s que un destino: es una forma de vivir y sentir.<br><br>Aloxa es nuestra forma de invitarte a descubrirla.<\/p><\/div><\/div>\n\n\n\n<div class=\"wp-block-uagb-advanced-heading uagb-block-930e46bc\"><h3 class=\"uagb-heading-text\">Iago<\/h3><\/div>\n<\/div>\n<\/div>\n\n\n\n<div class=\"wp-block-uagb-container uagb-layout-grid uagb-block-e28cfc75 default uagb-is-root-container\">\n<div class=\"wp-block-uagb-advanced-heading uagb-block-eda63079\"><h2 class=\"uagb-heading-text\">Objetivo\u200b<\/h2><p class=\"uagb-desc-text\">Crear una plataforma cercana y justa, donde tanto hu\u00e9spedes como anfitriones puedan compartir experiencias sin pagar comisiones abusivas.<\/p><\/div>\n\n\n\n<div class=\"wp-block-uagb-advanced-heading uagb-block-85427a9f\"><h2 class=\"uagb-heading-text\">Visi\u00f3n\u200b<\/h2><p class=\"uagb-desc-text\">Acercar el turismo a lo aut\u00e9ntico, mostrando Galicia desde dentro y facilitando alojamientos y experiencias que conectan personas, no solo reservas.<\/p><\/div>\n\n\n\n<div class=\"wp-block-uagb-container uagb-block-f0a15929\">\n<div class=\"wp-block-uagb-advanced-heading uagb-block-148f71c6\"><h2 class=\"uagb-heading-text\">Valores<\/h2><\/div>\n\n\n\n<div class=\"wp-block-uagb-icon-list uagb-block-be0f6192\"><div class=\"uagb-icon-list__wrap\">\n<div class=\"wp-block-uagb-icon-list-child uagb-block-b1e98b3c\"><a target=\"_self\" aria-label=\"Cercan\u00eda\u200b\" rel=\"noopener noreferrer\" href=\"#\"> <\/a><span class=\"uagb-icon-list__source-wrap\"><svg xmlns=\"https:\/\/www.w3.org\/2000\/svg\" viewbox=\"0 0 256 512\"><path d=\"M118.6 105.4l128 127.1C252.9 239.6 256 247.8 256 255.1s-3.125 16.38-9.375 22.63l-128 127.1c-9.156 9.156-22.91 11.9-34.88 6.943S64 396.9 64 383.1V128c0-12.94 7.781-24.62 19.75-29.58S109.5 96.23 118.6 105.4z\"><\/path><\/svg><\/span><span class=\"uagb-icon-list__label\">Cercan\u00eda\u200b<\/span><\/div>\n\n\n\n<div class=\"wp-block-uagb-icon-list-child uagb-block-bab344fa\"><a target=\"_self\" aria-label=\"Justicia\u200b\" rel=\"noopener noreferrer\" href=\"#\"> <\/a><span class=\"uagb-icon-list__source-wrap\"><svg xmlns=\"https:\/\/www.w3.org\/2000\/svg\" viewbox=\"0 0 256 512\"><path d=\"M118.6 105.4l128 127.1C252.9 239.6 256 247.8 256 255.1s-3.125 16.38-9.375 22.63l-128 127.1c-9.156 9.156-22.91 11.9-34.88 6.943S64 396.9 64 383.1V128c0-12.94 7.781-24.62 19.75-29.58S109.5 96.23 118.6 105.4z\"><\/path><\/svg><\/span><span class=\"uagb-icon-list__label\">Justicia\u200b<\/span><\/div>\n\n\n\n<div class=\"wp-block-uagb-icon-list-child uagb-block-848cfa54\"><a target=\"_self\" aria-label=\"Autenticidad local\u200b\" rel=\"noopener noreferrer\" href=\"#\"> <\/a><span class=\"uagb-icon-list__source-wrap\"><svg xmlns=\"https:\/\/www.w3.org\/2000\/svg\" viewbox=\"0 0 256 512\"><path d=\"M118.6 105.4l128 127.1C252.9 239.6 256 247.8 256 255.1s-3.125 16.38-9.375 22.63l-128 127.1c-9.156 9.156-22.91 11.9-34.88 6.943S64 396.9 64 383.1V128c0-12.94 7.781-24.62 19.75-29.58S109.5 96.23 118.6 105.4z\"><\/path><\/svg><\/span><span class=\"uagb-icon-list__label\">Autenticidad local\u200b<\/span><\/div>\n<\/div><\/div>\n<\/div>\n<\/div>\n\n\n\n<p><\/p>","protected":false},"excerpt":{"rendered":"<p>Sobre nosotros\u200b Fundada en 2025\u200b Iago Objetivo\u200b Crear una plataforma cercana y justa, donde tanto hu\u00e9spedes como anfitriones puedan compartir experiencias sin pagar comisiones abusivas. Visi\u00f3n\u200b Acercar el turismo a lo aut\u00e9ntico, mostrando Galicia desde dentro y facilitando alojamientos y experiencias que conectan personas, no solo reservas. Valores<\/p>","protected":false},"author":1,"featured_media":0,"parent":0,"menu_order":0,"comment_status":"closed","ping_status":"closed","template":"","meta":{"_uag_custom_page_level_css":"","footnotes":""},"class_list":["post-218","page","type-page","status-publish","hentry"],"uagb_featured_image_src":{"full":false,"thumbnail":false,"medium":false,"medium_large":false,"large":false,"1536x1536":false,"2048x2048":false,"trp-custom-language-flag":false,"hp_square_small":false,"hp_landscape_small":false,"hp_landscape_large":false,"ht_portrait_small":false,"ht_landscape_large":false,"ht_cover_large":false,"woocommerce_thumbnail":false,"woocommerce_single":false,"woocommerce_gallery_thumbnail":false},"uagb_author_info":{"display_name":"lryrzzrg","author_link":"https:\/\/aloxa.es\/en\/author\/admin\/"},"uagb_comment_info":0,"uagb_excerpt":"Sobre nosotros\u200b Fundada en 2025\u200b Iago Objetivo\u200b Crear una plataforma cercana y justa, donde tanto hu\u00e9spedes como anfitriones puedan compartir experiencias sin pagar comisiones abusivas. Visi\u00f3n\u200b Acercar el turismo a lo aut\u00e9ntico, mostrando Galicia desde dentro y facilitando alojamientos y experiencias que conectan personas, no solo reservas. Valores","_links":{"self":[{"href":"https:\/\/aloxa.es\/en\/wp-json\/wp\/v2\/pages\/218","targetHints":{"allow":["GET"]}}],"collection":[{"href":"https:\/\/aloxa.es\/en\/wp-json\/wp\/v2\/pages"}],"about":[{"href":"https:\/\/aloxa.es\/en\/wp-json\/wp\/v2\/types\/page"}],"author":[{"embeddable":true,"href":"https:\/\/aloxa.es\/en\/wp-json\/wp\/v2\/users\/1"}],"replies":[{"embeddable":true,"href":"https:\/\/aloxa.es\/en\/wp-json\/wp\/v2\/comments?post=218"}],"version-history":[{"count":0,"href":"https:\/\/aloxa.es\/en\/wp-json\/wp\/v2\/pages\/218\/revisions"}],"wp:attachment":[{"href":"https:\/\/aloxa.es\/en\/wp-json\/wp\/v2\/media?parent=218"}],"curies":[{"name":"wp","href":"https:\/\/api.w.org\/{rel}","templated":true}]}}